{"id":1686,"date":"2020-12-26T17:12:32","date_gmt":"2020-12-26T17:12:32","guid":{"rendered":"http:\/\/atecwebdev.com\/jefimija\/?page_id=1686"},"modified":"2024-09-27T11:57:24","modified_gmt":"2024-09-27T11:57:24","slug":"video-album","status":"publish","type":"page","link":"http:\/\/jefimija.org.rs\/en\/video-album\/","title":{"rendered":"Video album"},"content":{"rendered":"<section  class=\"main-row page-content video-album\"  >\r\n    <div class=\"container\">\r\n                    <div class=\"row\">\n\t<div class=\"col-md-3 col-xs-12 col-sm-6\" >\r\n\t<div class=\"video-wrapper shortcode-container\">\n\t<iframe loading=\"lazy\" title=\"In the House of Jefimi, representatives of Grave Insurance and the Tsar Lazar Scout Squad\" width=\"267\" height=\"200\" src=\"https:\/\/www.youtube.com\/embed\/r7OOmdOV0cU?feature=oembed\" frameborder=\"0\" allow=\"accelerometer; autoplay; clipboard-write; encrypted-media; gyroscope; picture-in-picture\" allowfullscreen><\/iframe><\/div>\n<\/div><div class=\"col-md-3 col-xs-12 col-sm-6\" >\r\n\t<div class=\"video-wrapper shortcode-container\">\n\t<iframe loading=\"lazy\" title=\"Balls and nets for basketball, volleyball and soccer were presented to the children of Dom Jefimi\" width=\"267\" height=\"200\" src=\"https:\/\/www.youtube.com\/embed\/UF8xk-G2LdU?feature=oembed\" frameborder=\"0\" allow=\"accelerometer; autoplay; clipboard-write; encrypted-media; gyroscope; picture-in-picture\" allowfullscreen><\/iframe><\/div>\n<\/div><div class=\"col-md-3 col-xs-12 col-sm-6\" >\r\n\t<div class=\"video-wrapper shortcode-container\">\n\t<iframe loading=\"lazy\" title=\"Bratislav Ga\u0161i\u0107 visited the area around &quot;Nada Popovi\u0107&quot; Primary School, &quot;Jefimija&quot; Children&#039;s Home and the SNS Easter stand\" width=\"267\" height=\"200\" src=\"https:\/\/www.youtube.com\/embed\/QuOziic2AXo?feature=oembed\" frameborder=\"0\" allow=\"accelerometer; autoplay; clipboard-write; encrypted-media; gyroscope; picture-in-picture\" allowfullscreen><\/iframe><\/div>\n<\/div><div class=\"col-md-3 col-xs-12 col-sm-6\" >\r\n\t<div class=\"video-wrapper shortcode-container\">\n\t<iframe loading=\"lazy\" title=\"The glory of St. Sava is commemorated in the Jefimija Home for Children and Youth in Kru\u0161evac\" width=\"267\" height=\"200\" src=\"https:\/\/www.youtube.com\/embed\/8bOg8ioFbSc?feature=oembed\" frameborder=\"0\" allow=\"accelerometer; autoplay; clipboard-write; encrypted-media; gyroscope; picture-in-picture\" allowfullscreen><\/iframe><\/div>\n<\/div><\/div>\n\n<div class=\"row\">\n\t<div class=\"col-md-3 col-xs-12 col-sm-6\" >\r\n\t<div class=\"video-wrapper shortcode-container\">\n\t<iframe loading=\"lazy\" title=\"Home for children and youth &quot;Jefimija&quot; hosted the regional &quot;Domijada&quot; on March 12.\" width=\"267\" height=\"200\" src=\"https:\/\/www.youtube.com\/embed\/ltXPGaMnpgk?feature=oembed\" frameborder=\"0\" allow=\"accelerometer; autoplay; clipboard-write; encrypted-media; gyroscope; picture-in-picture\" allowfullscreen><\/iframe><\/div>\n<\/div><\/div>\n\n            <\/div>\r\n<\/section>","protected":false},"excerpt":{"rendered":"","protected":false},"author":1,"featured_media":0,"parent":0,"menu_order":0,"comment_status":"closed","ping_status":"closed","template":"","meta":{"_acf_changed":false,"footnotes":""},"class_list":["post-1686","page","type-page","status-publish","hentry"],"acf":[],"yoast_head":"<!-- This site is optimized with the Yoast SEO plugin v23.5 - https:\/\/yoast.com\/wordpress\/plugins\/seo\/ -->\n<title>\u0412\u0438\u0434\u0435\u043e \u0430\u043b\u0431\u0443\u043c - \u0408\u0435\u0444\u0438\u043c\u0438\u0458\u0430 \u041a\u0440\u0443\u0448\u0435\u0432\u0430\u0446<\/title>\n<meta name=\"description\" content=\"\u041e\u0432\u0434\u0435 \u043c\u043e\u0436\u0435\u0442\u0435 \u0432\u0438\u0434\u0435\u0442\u0438 \u0430\u0440\u0445\u0438\u0445 \u0432\u0438\u0434\u0435\u043e \u0441\u043d\u0438\u043c\u0430\u043a\u0430 \u0438\u0437 \u043d\u0430\u0448\u0435 \u0443\u0441\u0442\u0430\u043d\u043e\u0432\u0435. \u041f\u043e\u0433\u043b\u0435\u0434\u0430\u0458\u0442\u0435 \u0442\u0440\u0435\u043d\u0443\u0442\u043a\u0435 \u0441\u0440\u0435\u045b\u0435 \u043d\u0430\u0448\u0438\u0445 \u043c\u0430\u043b\u0438\u0448\u0430\u043d\u0430 \u0443 \u0408\u0435\u0444\u0438\u043c\u0438\u0458\u0438 \u041a\u0440\u0443\u0448\u0435\u0432\u0430\u0446!\" \/>\n<meta name=\"robots\" content=\"index, follow, max-snippet:-1, max-image-preview:large, max-video-preview:-1\" \/>\n<link rel=\"canonical\" href=\"http:\/\/jefimija.org.rs\/en\/video-album\/\" \/>\n<meta property=\"og:locale\" content=\"en_US\" \/>\n<meta property=\"og:type\" content=\"article\" \/>\n<meta property=\"og:title\" content=\"\u0412\u0438\u0434\u0435\u043e \u0430\u043b\u0431\u0443\u043c - \u0408\u0435\u0444\u0438\u043c\u0438\u0458\u0430 \u041a\u0440\u0443\u0448\u0435\u0432\u0430\u0446\" \/>\n<meta property=\"og:description\" content=\"\u041e\u0432\u0434\u0435 \u043c\u043e\u0436\u0435\u0442\u0435 \u0432\u0438\u0434\u0435\u0442\u0438 \u0430\u0440\u0445\u0438\u0445 \u0432\u0438\u0434\u0435\u043e \u0441\u043d\u0438\u043c\u0430\u043a\u0430 \u0438\u0437 \u043d\u0430\u0448\u0435 \u0443\u0441\u0442\u0430\u043d\u043e\u0432\u0435. \u041f\u043e\u0433\u043b\u0435\u0434\u0430\u0458\u0442\u0435 \u0442\u0440\u0435\u043d\u0443\u0442\u043a\u0435 \u0441\u0440\u0435\u045b\u0435 \u043d\u0430\u0448\u0438\u0445 \u043c\u0430\u043b\u0438\u0448\u0430\u043d\u0430 \u0443 \u0408\u0435\u0444\u0438\u043c\u0438\u0458\u0438 \u041a\u0440\u0443\u0448\u0435\u0432\u0430\u0446!\" \/>\n<meta property=\"og:url\" content=\"http:\/\/jefimija.org.rs\/en\/video-album\/\" \/>\n<meta property=\"og:site_name\" content=\"\u0408\u0435\u0444\u0438\u043c\u0438\u0458\u0430 \u041a\u0440\u0443\u0448\u0435\u0432\u0430\u0446\" \/>\n<meta property=\"article:modified_time\" content=\"2024-09-27T11:57:24+00:00\" \/>\n<meta name=\"twitter:card\" content=\"summary_large_image\" \/>\n<script type=\"application\/ld+json\" class=\"yoast-schema-graph\">{\"@context\":\"https:\/\/schema.org\",\"@graph\":[{\"@type\":\"WebPage\",\"@id\":\"https:\/\/jefimija.org.rs\/video-album\/\",\"url\":\"https:\/\/jefimija.org.rs\/video-album\/\",\"name\":\"\u0412\u0438\u0434\u0435\u043e \u0430\u043b\u0431\u0443\u043c - \u0408\u0435\u0444\u0438\u043c\u0438\u0458\u0430 \u041a\u0440\u0443\u0448\u0435\u0432\u0430\u0446\",\"isPartOf\":{\"@id\":\"https:\/\/jefimija.org.rs\/#website\"},\"datePublished\":\"2020-12-26T17:12:32+00:00\",\"dateModified\":\"2024-09-27T11:57:24+00:00\",\"description\":\"\u041e\u0432\u0434\u0435 \u043c\u043e\u0436\u0435\u0442\u0435 \u0432\u0438\u0434\u0435\u0442\u0438 \u0430\u0440\u0445\u0438\u0445 \u0432\u0438\u0434\u0435\u043e \u0441\u043d\u0438\u043c\u0430\u043a\u0430 \u0438\u0437 \u043d\u0430\u0448\u0435 \u0443\u0441\u0442\u0430\u043d\u043e\u0432\u0435. \u041f\u043e\u0433\u043b\u0435\u0434\u0430\u0458\u0442\u0435 \u0442\u0440\u0435\u043d\u0443\u0442\u043a\u0435 \u0441\u0440\u0435\u045b\u0435 \u043d\u0430\u0448\u0438\u0445 \u043c\u0430\u043b\u0438\u0448\u0430\u043d\u0430 \u0443 \u0408\u0435\u0444\u0438\u043c\u0438\u0458\u0438 \u041a\u0440\u0443\u0448\u0435\u0432\u0430\u0446!\",\"breadcrumb\":{\"@id\":\"https:\/\/jefimija.org.rs\/video-album\/#breadcrumb\"},\"inLanguage\":\"en-US\",\"potentialAction\":[{\"@type\":\"ReadAction\",\"target\":[\"https:\/\/jefimija.org.rs\/video-album\/\"]}]},{\"@type\":\"BreadcrumbList\",\"@id\":\"https:\/\/jefimija.org.rs\/video-album\/#breadcrumb\",\"itemListElement\":[{\"@type\":\"ListItem\",\"position\":1,\"name\":\"Home\",\"item\":\"https:\/\/jefimija.org.rs\/\"},{\"@type\":\"ListItem\",\"position\":2,\"name\":\"\u0412\u0438\u0434\u0435\u043e \u0430\u043b\u0431\u0443\u043c\"}]},{\"@type\":\"WebSite\",\"@id\":\"https:\/\/jefimija.org.rs\/#website\",\"url\":\"https:\/\/jefimija.org.rs\/\",\"name\":\"\u0408\u0435\u0444\u0438\u043c\u0438\u0458\u0430 \u041a\u0440\u0443\u0448\u0435\u0432\u0430\u0446\",\"description\":\"\u0414\u043e\u043c \u0437\u0430 \u0434\u0435\u0446\u0443 \u0438 \u043e\u043c\u043b\u0430\u0434\u0438\u043d\u0443\",\"potentialAction\":[{\"@type\":\"SearchAction\",\"target\":{\"@type\":\"EntryPoint\",\"urlTemplate\":\"https:\/\/jefimija.org.rs\/?s={search_term_string}\"},\"query-input\":{\"@type\":\"PropertyValueSpecification\",\"valueRequired\":true,\"valueName\":\"search_term_string\"}}],\"inLanguage\":\"en-US\"}]}<\/script>\n<!-- \/ Yoast SEO plugin. -->","yoast_head_json":{"title":"\u0412\u0438\u0434\u0435\u043e \u0430\u043b\u0431\u0443\u043c - \u0408\u0435\u0444\u0438\u043c\u0438\u0458\u0430 \u041a\u0440\u0443\u0448\u0435\u0432\u0430\u0446","description":"\u041e\u0432\u0434\u0435 \u043c\u043e\u0436\u0435\u0442\u0435 \u0432\u0438\u0434\u0435\u0442\u0438 \u0430\u0440\u0445\u0438\u0445 \u0432\u0438\u0434\u0435\u043e \u0441\u043d\u0438\u043c\u0430\u043a\u0430 \u0438\u0437 \u043d\u0430\u0448\u0435 \u0443\u0441\u0442\u0430\u043d\u043e\u0432\u0435. \u041f\u043e\u0433\u043b\u0435\u0434\u0430\u0458\u0442\u0435 \u0442\u0440\u0435\u043d\u0443\u0442\u043a\u0435 \u0441\u0440\u0435\u045b\u0435 \u043d\u0430\u0448\u0438\u0445 \u043c\u0430\u043b\u0438\u0448\u0430\u043d\u0430 \u0443 \u0408\u0435\u0444\u0438\u043c\u0438\u0458\u0438 \u041a\u0440\u0443\u0448\u0435\u0432\u0430\u0446!","robots":{"index":"index","follow":"follow","max-snippet":"max-snippet:-1","max-image-preview":"max-image-preview:large","max-video-preview":"max-video-preview:-1"},"canonical":"http:\/\/jefimija.org.rs\/en\/video-album\/","og_locale":"en_US","og_type":"article","og_title":"\u0412\u0438\u0434\u0435\u043e \u0430\u043b\u0431\u0443\u043c - \u0408\u0435\u0444\u0438\u043c\u0438\u0458\u0430 \u041a\u0440\u0443\u0448\u0435\u0432\u0430\u0446","og_description":"\u041e\u0432\u0434\u0435 \u043c\u043e\u0436\u0435\u0442\u0435 \u0432\u0438\u0434\u0435\u0442\u0438 \u0430\u0440\u0445\u0438\u0445 \u0432\u0438\u0434\u0435\u043e \u0441\u043d\u0438\u043c\u0430\u043a\u0430 \u0438\u0437 \u043d\u0430\u0448\u0435 \u0443\u0441\u0442\u0430\u043d\u043e\u0432\u0435. \u041f\u043e\u0433\u043b\u0435\u0434\u0430\u0458\u0442\u0435 \u0442\u0440\u0435\u043d\u0443\u0442\u043a\u0435 \u0441\u0440\u0435\u045b\u0435 \u043d\u0430\u0448\u0438\u0445 \u043c\u0430\u043b\u0438\u0448\u0430\u043d\u0430 \u0443 \u0408\u0435\u0444\u0438\u043c\u0438\u0458\u0438 \u041a\u0440\u0443\u0448\u0435\u0432\u0430\u0446!","og_url":"http:\/\/jefimija.org.rs\/en\/video-album\/","og_site_name":"\u0408\u0435\u0444\u0438\u043c\u0438\u0458\u0430 \u041a\u0440\u0443\u0448\u0435\u0432\u0430\u0446","article_modified_time":"2024-09-27T11:57:24+00:00","twitter_card":"summary_large_image","schema":{"@context":"https:\/\/schema.org","@graph":[{"@type":"WebPage","@id":"https:\/\/jefimija.org.rs\/video-album\/","url":"https:\/\/jefimija.org.rs\/video-album\/","name":"\u0412\u0438\u0434\u0435\u043e \u0430\u043b\u0431\u0443\u043c - \u0408\u0435\u0444\u0438\u043c\u0438\u0458\u0430 \u041a\u0440\u0443\u0448\u0435\u0432\u0430\u0446","isPartOf":{"@id":"https:\/\/jefimija.org.rs\/#website"},"datePublished":"2020-12-26T17:12:32+00:00","dateModified":"2024-09-27T11:57:24+00:00","description":"\u041e\u0432\u0434\u0435 \u043c\u043e\u0436\u0435\u0442\u0435 \u0432\u0438\u0434\u0435\u0442\u0438 \u0430\u0440\u0445\u0438\u0445 \u0432\u0438\u0434\u0435\u043e \u0441\u043d\u0438\u043c\u0430\u043a\u0430 \u0438\u0437 \u043d\u0430\u0448\u0435 \u0443\u0441\u0442\u0430\u043d\u043e\u0432\u0435. \u041f\u043e\u0433\u043b\u0435\u0434\u0430\u0458\u0442\u0435 \u0442\u0440\u0435\u043d\u0443\u0442\u043a\u0435 \u0441\u0440\u0435\u045b\u0435 \u043d\u0430\u0448\u0438\u0445 \u043c\u0430\u043b\u0438\u0448\u0430\u043d\u0430 \u0443 \u0408\u0435\u0444\u0438\u043c\u0438\u0458\u0438 \u041a\u0440\u0443\u0448\u0435\u0432\u0430\u0446!","breadcrumb":{"@id":"https:\/\/jefimija.org.rs\/video-album\/#breadcrumb"},"inLanguage":"en-US","potentialAction":[{"@type":"ReadAction","target":["https:\/\/jefimija.org.rs\/video-album\/"]}]},{"@type":"BreadcrumbList","@id":"https:\/\/jefimija.org.rs\/video-album\/#breadcrumb","itemListElement":[{"@type":"ListItem","position":1,"name":"Home","item":"https:\/\/jefimija.org.rs\/"},{"@type":"ListItem","position":2,"name":"\u0412\u0438\u0434\u0435\u043e \u0430\u043b\u0431\u0443\u043c"}]},{"@type":"WebSite","@id":"https:\/\/jefimija.org.rs\/#website","url":"https:\/\/jefimija.org.rs\/","name":"\u0408\u0435\u0444\u0438\u043c\u0438\u0458\u0430 \u041a\u0440\u0443\u0448\u0435\u0432\u0430\u0446","description":"\u0414\u043e\u043c \u0437\u0430 \u0434\u0435\u0446\u0443 \u0438 \u043e\u043c\u043b\u0430\u0434\u0438\u043d\u0443","potentialAction":[{"@type":"SearchAction","target":{"@type":"EntryPoint","urlTemplate":"https:\/\/jefimija.org.rs\/?s={search_term_string}"},"query-input":{"@type":"PropertyValueSpecification","valueRequired":true,"valueName":"search_term_string"}}],"inLanguage":"en-US"}]}},"_links":{"self":[{"href":"http:\/\/jefimija.org.rs\/en\/wp-json\/wp\/v2\/pages\/1686"}],"collection":[{"href":"http:\/\/jefimija.org.rs\/en\/wp-json\/wp\/v2\/pages"}],"about":[{"href":"http:\/\/jefimija.org.rs\/en\/wp-json\/wp\/v2\/types\/page"}],"author":[{"embeddable":true,"href":"http:\/\/jefimija.org.rs\/en\/wp-json\/wp\/v2\/users\/1"}],"replies":[{"embeddable":true,"href":"http:\/\/jefimija.org.rs\/en\/wp-json\/wp\/v2\/comments?post=1686"}],"version-history":[{"count":4,"href":"http:\/\/jefimija.org.rs\/en\/wp-json\/wp\/v2\/pages\/1686\/revisions"}],"predecessor-version":[{"id":1836,"href":"http:\/\/jefimija.org.rs\/en\/wp-json\/wp\/v2\/pages\/1686\/revisions\/1836"}],"wp:attachment":[{"href":"http:\/\/jefimija.org.rs\/en\/wp-json\/wp\/v2\/media?parent=1686"}],"curies":[{"name":"wp","href":"https:\/\/api.w.org\/{rel}","templated":true}]}}